{"id":2494,"date":"2021-06-24T09:42:46","date_gmt":"2021-06-24T07:42:46","guid":{"rendered":"https:\/\/www.saboresdesefarad.com\/expo\/01-2\/"},"modified":"2021-06-24T09:42:47","modified_gmt":"2021-06-24T07:42:47","slug":"01-2","status":"publish","type":"page","link":"https:\/\/www.saboresdesefarad.com\/expo\/01-2\/?lang=he","title":{"rendered":"01"},"content":{"rendered":"\n\t\t\t<!-- START Panel 01 REVOLUTION SLIDER 6.4.11 --><p class=\"rs-p-wp-fix\"><\/p>\n\t\t\t<rs-module-wrap id=\"rev_slider_54_1_wrapper\" data-source=\"post\" style=\"background:transparent;padding:0;\">\n\t\t\t\t<rs-module id=\"rev_slider_54_1\" style=\"\" data-version=\"6.4.11\">\n\t\t\t\t\t<rs-slides>\n\t\t\t\t\t\t<rs-slide data-key=\"rs-1917\" data-title=\"RED DE JUDER\u00cdAS DE ESPA\u00d1A: CAMINOS DE SEFARAD\" data-thumb=\"\/\/www.saboresdesefarad.com\/expo\/wp-content\/uploads\/2021\/06\/p1-1-50x100.jpg\" data-ssop=\"true\" data-in=\"o:0;sx:0.6;sy:0.6;\" data-out=\"o:0;sx:1.6;sy:1.6;\">\n\t\t\t\t\t\t\t<img loading=\"lazy\" decoding=\"async\" src=\"\/\/www.saboresdesefarad.com\/expo\/wp-content\/plugins\/revslider\/public\/assets\/assets\/dummy.png\" title=\"p1-1\" width=\"853\" height=\"1200\" class=\"rev-slidebg tp-rs-img rs-lazyload\" data-lazyload=\"\/\/www.saboresdesefarad.com\/expo\/wp-content\/uploads\/2021\/06\/p1-1.jpg\" data-panzoom=\"d:10000;ss:100;se:110%;\" data-no-retina>\n<!--\n\t\t\t\t\t\t\t--><rs-layer\n\t\t\t\t\t\t\t\tid=\"slider-54-slide-1917-layer-1\" \n\t\t\t\t\t\t\t\tdata-type=\"object\"\n\t\t\t\t\t\t\t\tdata-rsp_ch=\"on\"\n\t\t\t\t\t\t\t\tdata-xy=\"xo:50px,50px,28px,19px;yo:50px,50px,28px,19px;\"\n\t\t\t\t\t\t\t\tdata-text=\"w:normal;s:20,20,10,6;l:0,0,13,8;\"\n\t\t\t\t\t\t\t\tdata-frame_999=\"o:0;st:w;sR:8700;\"\n\t\t\t\t\t\t\t\tstyle=\"z-index:15;font-family:Roboto;\"\n\t\t\t\t\t\t\t> \n\t\t\t\t\t\t\t<\/rs-layer><!--\n\n\t\t\t\t\t\t\t--><rs-layer\n\t\t\t\t\t\t\t\tid=\"slider-54-slide-1917-layer-2\" \n\t\t\t\t\t\t\t\tclass=\"cerrar-boton\"\n\t\t\t\t\t\t\t\tdata-type=\"button\"\n\t\t\t\t\t\t\t\tdata-color=\"#000000\"\n\t\t\t\t\t\t\t\tdata-rsp_ch=\"on\"\n\t\t\t\t\t\t\t\tdata-xy=\"x:r;xo:12px,12px,1px,38px;y:m;yo:-575px,-575px,-155px,-126px;\"\n\t\t\t\t\t\t\t\tdata-text=\"w:normal;s:125,125,70,48;l:125,125,70,48;fw:300;\"\n\t\t\t\t\t\t\t\tdata-dim=\"minh:0,0,none,none;\"\n\t\t\t\t\t\t\t\tdata-actions='o:click;a:gotoframe;layer:slider-54-slide-1917-layer-3;f:frame_999;ch:true;||o:click;a:stoplayer;layer:slider-54-slide-1917-layer-2;ch:true;||o:click;a:startlayer;layer:slider-54-slide-1917-layer-6;ch:true;'\n\t\t\t\t\t\t\t\tdata-basealign=\"slide\"\n\t\t\t\t\t\t\t\tdata-frame_0=\"x:right;\"\n\t\t\t\t\t\t\t\tdata-frame_1=\"sp:1000;st:a;\"\n\t\t\t\t\t\t\t\tdata-frame_999=\"x:right;o:0;st:w;sp:1000;sR:8000;\"\n\t\t\t\t\t\t\t\tstyle=\"z-index:12;font-family:Lato;\"\n\t\t\t\t\t\t\t><i class=\"icon-cancel-fine\"><\/i> \n\t\t\t\t\t\t\t<\/rs-layer><!--\n\n\t\t\t\t\t\t\t--><rs-layer\n\t\t\t\t\t\t\t\tid=\"slider-54-slide-1917-layer-3\" \n\t\t\t\t\t\t\t\tclass=\"contenido-slider-paneles\"\n\t\t\t\t\t\t\t\tdata-type=\"text\"\n\t\t\t\t\t\t\t\tdata-color=\"#0c3153\"\n\t\t\t\t\t\t\t\tdata-rsp_ch=\"on\"\n\t\t\t\t\t\t\t\tdata-xy=\"x:r,r,c,c;y:m;yo:-188px,-188px,-5px,0;\"\n\t\t\t\t\t\t\t\tdata-text=\"w:normal;s:50,50,28,19;l:60,60,33,22;fw:300;\"\n\t\t\t\t\t\t\t\tdata-dim=\"w:100%;h:1069px,1069px,602px,412px;minh:0,0,none,none;\"\n\t\t\t\t\t\t\t\tdata-basealign=\"slide\"\n\t\t\t\t\t\t\t\tdata-padding=\"t:50,50,28,19;r:90,90,51,35;b:90,90,51,19;l:90,90,51,35;\"\n\t\t\t\t\t\t\t\tdata-frame_0=\"x:right;\"\n\t\t\t\t\t\t\t\tdata-frame_1=\"e:default;sp:1000;st:a;\"\n\t\t\t\t\t\t\t\tdata-frame_999=\"st:w;sp:1000;sR:8000;auto:true;\"\n\t\t\t\t\t\t\t\tstyle=\"z-index:11;background-color:rgba(255,255,255,0);font-family:Roboto;\"\n\t\t\t\t\t\t\t><br>\n<h3 class=\"titulo-paneles\">RED DE JUDER\u00cdAS DE ESPA\u00d1A: CAMINOS DE SEFARAD<\/h3>\n<hr class=\"separador-paneles\">\n<div class=\"contenido-paneles\"><!-- wp:paragraph -->\n<p>La Red de Juder\u00edas de Espa\u00f1a: Caminos de Sefarad es una asociaci\u00f3n constituida por municipios que cuentan en sus conjuntos medievales con un extraordinario patrimonio, herencia de las comunidades jud\u00edas que los habitaron.<\/p>\n<!-- \/wp:paragraph -->\n\n<!-- wp:paragraph -->\n<p>Las ciudades vienen recuperando desde hace m\u00e1s de 25 a\u00f1os sus juder\u00edas, promoviendo proyectos culturales, tur\u00edsticos y acad\u00e9micos y rehabilitando palacios, calles, casas y cuantos edificios se puedan salvar del olvido; recuperando el conocimiento de las vidas de las familias jud\u00edas.<\/p>\n<!-- \/wp:paragraph -->\n\n<!-- wp:paragraph -->\n<p>Historia oculta, desvelada despu\u00e9s de quinientos a\u00f1os y ahora recuperada.<\/p>\n<!-- \/wp:paragraph --><\/div>\n \n\t\t\t\t\t\t\t<\/rs-layer><!--\n\n\t\t\t\t\t\t\t--><rs-layer\n\t\t\t\t\t\t\t\tid=\"slider-54-slide-1917-layer-4\" \n\t\t\t\t\t\t\t\tdata-type=\"text\"\n\t\t\t\t\t\t\t\tdata-color=\"#0c3153\"\n\t\t\t\t\t\t\t\tdata-rsp_ch=\"on\"\n\t\t\t\t\t\t\t\tdata-xy=\"x:r;\"\n\t\t\t\t\t\t\t\tdata-text=\"w:normal;s:20,20,10,6;l:30,30,16,10;ls:-1,-1,0,0;fw:700;a:center;\"\n\t\t\t\t\t\t\t\tdata-dim=\"w:100%;minh:0,0,none,none;\"\n\t\t\t\t\t\t\t\tdata-basealign=\"slide\"\n\t\t\t\t\t\t\t\tdata-padding=\"t:50,50,28,19;r:120,120,68,47;b:50,50,28,19;l:160,160,90,62;\"\n\t\t\t\t\t\t\t\tdata-frame_0=\"y:top;\"\n\t\t\t\t\t\t\t\tdata-frame_1=\"sp:1000;\"\n\t\t\t\t\t\t\t\tdata-frame_999=\"o:0;st:w;sR:8000;\"\n\t\t\t\t\t\t\t\tstyle=\"z-index:10;background-color:rgba(255,204,0,0.71);font-family:Lato;text-transform:uppercase;\"\n\t\t\t\t\t\t\t><div class=\"categoria-caja\"><h2>1 - Red de juder\u00edas de espa\u00f1a - caminos de Sefarad<\/h2><\/div><div class=\"linea-categorias\"><\/div> \n\t\t\t\t\t\t\t<\/rs-layer><!--\n\n\t\t\t\t\t\t\t--><rs-layer\n\t\t\t\t\t\t\t\tid=\"slider-54-slide-1917-layer-5\" \n\t\t\t\t\t\t\t\tdata-type=\"shape\"\n\t\t\t\t\t\t\t\tdata-rsp_ch=\"on\"\n\t\t\t\t\t\t\t\tdata-xy=\"x:c;xo:1px,1px,0,1px;y:m;yo:-1px,-1px,0,-1px;\"\n\t\t\t\t\t\t\t\tdata-text=\"w:normal;s:20,20,10,6;l:0,0,13,8;\"\n\t\t\t\t\t\t\t\tdata-dim=\"w:100%;h:100%;\"\n\t\t\t\t\t\t\t\tdata-actions='o:click;a:stoplayer;layer:slider-54-slide-1917-layer-3;ch:true;||o:click;a:stoplayer;layer:slider-54-slide-1917-layer-2;ch:true;||o:click;a:startlayer;layer:slider-54-slide-1917-layer-6;ch:true;||o:click;a:stoplayer;layer:slider-54-slide-1917-layer-8;ch:true;||o:click;a:stoplayer;layer:slider-54-slide-1917-layer-7;ch:true;||o:click;a:stoplayer;layer:slider-54-slide-54-layer-10;ch:true;'\n\t\t\t\t\t\t\t\tdata-basealign=\"slide\"\n\t\t\t\t\t\t\t\tdata-frame_999=\"o:0;st:w;sR:8700;\"\n\t\t\t\t\t\t\t\tstyle=\"z-index:8;\"\n\t\t\t\t\t\t\t> \n\t\t\t\t\t\t\t<\/rs-layer><!--\n\n\t\t\t\t\t\t\t--><rs-layer\n\t\t\t\t\t\t\t\tid=\"slider-54-slide-1917-layer-6\" \n\t\t\t\t\t\t\t\tdata-type=\"button\"\n\t\t\t\t\t\t\t\tdata-color=\"#ffcc00\"\n\t\t\t\t\t\t\t\tdata-rsp_ch=\"on\"\n\t\t\t\t\t\t\t\tdata-xy=\"x:r;xo:14px,14px,31px,16px;y:m;\"\n\t\t\t\t\t\t\t\tdata-text=\"w:normal;s:125,125,70,48;l:125,125,70,48;fw:300;\"\n\t\t\t\t\t\t\t\tdata-dim=\"minh:0,0,none,none;\"\n\t\t\t\t\t\t\t\tdata-actions='o:click;a:gotoframe;layer:slider-54-slide-1917-layer-3;f:frame_1;ch:true;||o:click;a:stoplayer;layer:slider-54-slide-1917-layer-6;ch:true;||o:click;a:startlayer;layer:slider-54-slide-1917-layer-2;ch:true;||o:click;a:startlayer;layer:slider-54-slide-1917-layer-8;ch:true;||o:click;a:startlayer;layer:slider-54-slide-1917-layer-7;ch:true;||o:click;a:startlayer;layer:slider-54-slide-54-layer-10;ch:true;'\n\t\t\t\t\t\t\t\tdata-basealign=\"slide\"\n\t\t\t\t\t\t\t\tdata-frame_0=\"x:right;\"\n\t\t\t\t\t\t\t\tdata-frame_1=\"sp:1000;\"\n\t\t\t\t\t\t\t\tdata-frame_999=\"x:right;o:0;st:w;sp:1000;sR:8000;\"\n\t\t\t\t\t\t\t\tstyle=\"z-index:9;font-family:Lato;\"\n\t\t\t\t\t\t\t><i class=\"icon-info-circled\"><\/i> \n\t\t\t\t\t\t\t<\/rs-layer><!--\n-->\t\t\t\t\t\t<\/rs-slide>\n\t\t\t\t\t\t<rs-slide data-key=\"rs-1916\" data-title=\"CAMINOS DE SEFARAD. RED DE JUDER\u00cdAS DE ESPA\u00d1A\" data-thumb=\"\/\/www.saboresdesefarad.com\/expo\/wp-content\/uploads\/2021\/06\/p1-2-50x100.jpg\" data-ssop=\"true\" data-in=\"o:0;sx:0.6;sy:0.6;\" data-out=\"o:0;sx:1.6;sy:1.6;\">\n\t\t\t\t\t\t\t<img loading=\"lazy\" decoding=\"async\" src=\"\/\/www.saboresdesefarad.com\/expo\/wp-content\/plugins\/revslider\/public\/assets\/assets\/dummy.png\" title=\"p1-2\" width=\"1200\" height=\"1688\" class=\"rev-slidebg tp-rs-img rs-lazyload\" data-lazyload=\"\/\/www.saboresdesefarad.com\/expo\/wp-content\/uploads\/2021\/06\/p1-2.jpg\" data-panzoom=\"d:10000;ss:100;se:110%;\" data-no-retina>\n<!--\n\t\t\t\t\t\t\t--><rs-layer\n\t\t\t\t\t\t\t\tid=\"slider-54-slide-1916-layer-1\" \n\t\t\t\t\t\t\t\tdata-type=\"object\"\n\t\t\t\t\t\t\t\tdata-rsp_ch=\"on\"\n\t\t\t\t\t\t\t\tdata-xy=\"xo:50px,50px,28px,19px;yo:50px,50px,28px,19px;\"\n\t\t\t\t\t\t\t\tdata-text=\"w:normal;s:20,20,10,6;l:0,0,13,8;\"\n\t\t\t\t\t\t\t\tdata-frame_999=\"o:0;st:w;sR:8700;\"\n\t\t\t\t\t\t\t\tstyle=\"z-index:15;font-family:Roboto;\"\n\t\t\t\t\t\t\t> \n\t\t\t\t\t\t\t<\/rs-layer><!--\n\n\t\t\t\t\t\t\t--><rs-layer\n\t\t\t\t\t\t\t\tid=\"slider-54-slide-1916-layer-2\" \n\t\t\t\t\t\t\t\tclass=\"cerrar-boton\"\n\t\t\t\t\t\t\t\tdata-type=\"button\"\n\t\t\t\t\t\t\t\tdata-color=\"#000000\"\n\t\t\t\t\t\t\t\tdata-rsp_ch=\"on\"\n\t\t\t\t\t\t\t\tdata-xy=\"x:r;xo:12px,12px,1px,38px;y:m;yo:-575px,-575px,-155px,-126px;\"\n\t\t\t\t\t\t\t\tdata-text=\"w:normal;s:125,125,70,48;l:125,125,70,48;fw:300;\"\n\t\t\t\t\t\t\t\tdata-dim=\"minh:0,0,none,none;\"\n\t\t\t\t\t\t\t\tdata-actions='o:click;a:gotoframe;layer:slider-54-slide-1916-layer-3;f:frame_999;ch:true;||o:click;a:stoplayer;layer:slider-54-slide-1916-layer-2;ch:true;||o:click;a:startlayer;layer:slider-54-slide-1916-layer-6;ch:true;'\n\t\t\t\t\t\t\t\tdata-basealign=\"slide\"\n\t\t\t\t\t\t\t\tdata-frame_0=\"x:right;\"\n\t\t\t\t\t\t\t\tdata-frame_1=\"sp:1000;st:a;\"\n\t\t\t\t\t\t\t\tdata-frame_999=\"x:right;o:0;st:w;sp:1000;sR:8000;\"\n\t\t\t\t\t\t\t\tstyle=\"z-index:12;font-family:Lato;\"\n\t\t\t\t\t\t\t><i class=\"icon-cancel-fine\"><\/i> \n\t\t\t\t\t\t\t<\/rs-layer><!--\n\n\t\t\t\t\t\t\t--><rs-layer\n\t\t\t\t\t\t\t\tid=\"slider-54-slide-1916-layer-3\" \n\t\t\t\t\t\t\t\tclass=\"contenido-slider-paneles\"\n\t\t\t\t\t\t\t\tdata-type=\"text\"\n\t\t\t\t\t\t\t\tdata-color=\"#0c3153\"\n\t\t\t\t\t\t\t\tdata-rsp_ch=\"on\"\n\t\t\t\t\t\t\t\tdata-xy=\"x:r,r,c,c;y:m;yo:-188px,-188px,-5px,0;\"\n\t\t\t\t\t\t\t\tdata-text=\"w:normal;s:50,50,28,19;l:60,60,33,22;fw:300;\"\n\t\t\t\t\t\t\t\tdata-dim=\"w:100%;h:1069px,1069px,602px,412px;minh:0,0,none,none;\"\n\t\t\t\t\t\t\t\tdata-basealign=\"slide\"\n\t\t\t\t\t\t\t\tdata-padding=\"t:50,50,28,19;r:90,90,51,35;b:90,90,51,19;l:90,90,51,35;\"\n\t\t\t\t\t\t\t\tdata-frame_0=\"x:right;\"\n\t\t\t\t\t\t\t\tdata-frame_1=\"e:default;sp:1000;st:a;\"\n\t\t\t\t\t\t\t\tdata-frame_999=\"st:w;sp:1000;sR:8000;auto:true;\"\n\t\t\t\t\t\t\t\tstyle=\"z-index:11;background-color:rgba(255,255,255,0);font-family:Roboto;\"\n\t\t\t\t\t\t\t><br>\n<h3 class=\"titulo-paneles\">CAMINOS DE SEFARAD. RED DE JUDER\u00cdAS DE ESPA\u00d1A<\/h3>\n<hr class=\"separador-paneles\">\n<div class=\"contenido-paneles\"><!-- wp:paragraph -->\n<p>\u00c1vila, Barcelona, B\u00e9jar, C\u00e1ceres, Calahorra, C\u00f3rdoba, Estella-Lizarra, Herv\u00e1s, Ja\u00e9n, Le\u00f3n, Lorca, Lucena, Monforte de Lemos, Plasencia, Ribadavia, Sagunto, Segovia, Tarazona, Toledo, Tudela\u00a0y\u00a0Tui.\u00a0<\/p>\n<!-- \/wp:paragraph --><\/div>\n \n\t\t\t\t\t\t\t<\/rs-layer><!--\n\n\t\t\t\t\t\t\t--><rs-layer\n\t\t\t\t\t\t\t\tid=\"slider-54-slide-1916-layer-4\" \n\t\t\t\t\t\t\t\tdata-type=\"text\"\n\t\t\t\t\t\t\t\tdata-color=\"#0c3153\"\n\t\t\t\t\t\t\t\tdata-rsp_ch=\"on\"\n\t\t\t\t\t\t\t\tdata-xy=\"x:r;\"\n\t\t\t\t\t\t\t\tdata-text=\"w:normal;s:20,20,10,6;l:30,30,16,10;ls:-1,-1,0,0;fw:700;a:center;\"\n\t\t\t\t\t\t\t\tdata-dim=\"w:100%;minh:0,0,none,none;\"\n\t\t\t\t\t\t\t\tdata-basealign=\"slide\"\n\t\t\t\t\t\t\t\tdata-padding=\"t:50,50,28,19;r:120,120,68,47;b:50,50,28,19;l:160,160,90,62;\"\n\t\t\t\t\t\t\t\tdata-frame_0=\"y:top;\"\n\t\t\t\t\t\t\t\tdata-frame_1=\"sp:1000;\"\n\t\t\t\t\t\t\t\tdata-frame_999=\"o:0;st:w;sR:8000;\"\n\t\t\t\t\t\t\t\tstyle=\"z-index:10;background-color:rgba(255,204,0,0.71);font-family:Lato;text-transform:uppercase;\"\n\t\t\t\t\t\t\t><div class=\"categoria-caja\"><h2>1 - Red de juder\u00edas de espa\u00f1a - caminos de Sefarad<\/h2><\/div><div class=\"linea-categorias\"><\/div> \n\t\t\t\t\t\t\t<\/rs-layer><!--\n\n\t\t\t\t\t\t\t--><rs-layer\n\t\t\t\t\t\t\t\tid=\"slider-54-slide-1916-layer-5\" \n\t\t\t\t\t\t\t\tdata-type=\"shape\"\n\t\t\t\t\t\t\t\tdata-rsp_ch=\"on\"\n\t\t\t\t\t\t\t\tdata-xy=\"x:c;xo:1px,1px,0,1px;y:m;yo:-1px,-1px,0,-1px;\"\n\t\t\t\t\t\t\t\tdata-text=\"w:normal;s:20,20,10,6;l:0,0,13,8;\"\n\t\t\t\t\t\t\t\tdata-dim=\"w:100%;h:100%;\"\n\t\t\t\t\t\t\t\tdata-actions='o:click;a:stoplayer;layer:slider-54-slide-1916-layer-3;ch:true;||o:click;a:stoplayer;layer:slider-54-slide-1916-layer-2;ch:true;||o:click;a:startlayer;layer:slider-54-slide-1916-layer-6;ch:true;||o:click;a:stoplayer;layer:slider-54-slide-1916-layer-8;ch:true;||o:click;a:stoplayer;layer:slider-54-slide-1916-layer-7;ch:true;||o:click;a:stoplayer;layer:slider-54-slide-54-layer-10;ch:true;'\n\t\t\t\t\t\t\t\tdata-basealign=\"slide\"\n\t\t\t\t\t\t\t\tdata-frame_999=\"o:0;st:w;sR:8700;\"\n\t\t\t\t\t\t\t\tstyle=\"z-index:8;\"\n\t\t\t\t\t\t\t> \n\t\t\t\t\t\t\t<\/rs-layer><!--\n\n\t\t\t\t\t\t\t--><rs-layer\n\t\t\t\t\t\t\t\tid=\"slider-54-slide-1916-layer-6\" \n\t\t\t\t\t\t\t\tdata-type=\"button\"\n\t\t\t\t\t\t\t\tdata-color=\"#ffcc00\"\n\t\t\t\t\t\t\t\tdata-rsp_ch=\"on\"\n\t\t\t\t\t\t\t\tdata-xy=\"x:r;xo:14px,14px,31px,16px;y:m;\"\n\t\t\t\t\t\t\t\tdata-text=\"w:normal;s:125,125,70,48;l:125,125,70,48;fw:300;\"\n\t\t\t\t\t\t\t\tdata-dim=\"minh:0,0,none,none;\"\n\t\t\t\t\t\t\t\tdata-actions='o:click;a:gotoframe;layer:slider-54-slide-1916-layer-3;f:frame_1;ch:true;||o:click;a:stoplayer;layer:slider-54-slide-1916-layer-6;ch:true;||o:click;a:startlayer;layer:slider-54-slide-1916-layer-2;ch:true;||o:click;a:startlayer;layer:slider-54-slide-1916-layer-8;ch:true;||o:click;a:startlayer;layer:slider-54-slide-1916-layer-7;ch:true;||o:click;a:startlayer;layer:slider-54-slide-54-layer-10;ch:true;'\n\t\t\t\t\t\t\t\tdata-basealign=\"slide\"\n\t\t\t\t\t\t\t\tdata-frame_0=\"x:right;\"\n\t\t\t\t\t\t\t\tdata-frame_1=\"sp:1000;\"\n\t\t\t\t\t\t\t\tdata-frame_999=\"x:right;o:0;st:w;sp:1000;sR:8000;\"\n\t\t\t\t\t\t\t\tstyle=\"z-index:9;font-family:Lato;\"\n\t\t\t\t\t\t\t><i class=\"icon-info-circled\"><\/i> \n\t\t\t\t\t\t\t<\/rs-layer><!--\n-->\t\t\t\t\t\t<\/rs-slide>\n\t\t\t\t\t<\/rs-slides>\n\t\t\t\t\t<rs-static-layers><!--\n\n\t\t\t\t\t\t\t--><rs-layer\n\t\t\t\t\t\t\t\tid=\"slider-54-slide-54-layer-0\" \n\t\t\t\t\t\t\t\tclass=\"rs-layer-static\"\n\t\t\t\t\t\t\t\tdata-type=\"image\"\n\t\t\t\t\t\t\t\tdata-rsp_ch=\"on\"\n\t\t\t\t\t\t\t\tdata-xy=\"x:c,c,l,c;xo:2px,2px,120px,-90px;y:m,m,b,b;yo:346px,346px,15px,19px;\"\n\t\t\t\t\t\t\t\tdata-text=\"w:normal;s:20,20,10,6;l:0,0,13,8;\"\n\t\t\t\t\t\t\t\tdata-dim=\"w:291px,291px,90px,80px;h:291px,291px,90px,80px;\"\n\t\t\t\t\t\t\t\tdata-actions='o:click;a:startlayer;layer:slider-54-slide-54-layer-9;ch:true;||o:click;a:playvideo;layer:slider-54-slide-54-layer-9;||o:click;a:stoplayer;layer:slider-54-slide-54-layer-0;ch:true;||o:click;a:startlayer;layer:slider-54-slide-54-layer-0;ch:true;'\n\t\t\t\t\t\t\t\tdata-basealign=\"slide\"\n\t\t\t\t\t\t\t\tdata-onslides=\"s:1;\"\n\t\t\t\t\t\t\t\tdata-frame_0=\"o:1;\"\n\t\t\t\t\t\t\t\tdata-frame_1=\"st:300;sR:300;\"\n\t\t\t\t\t\t\t\tdata-frame_999=\"o:0;e:power4.inOut;st:w;sp:1000;sR:8400;\"\n\t\t\t\t\t\t\t\tstyle=\"z-index:8;\"\n\t\t\t\t\t\t\t><img loading=\"lazy\" decoding=\"async\" src=\"\/\/www.saboresdesefarad.com\/expo\/wp-content\/plugins\/revslider\/public\/assets\/assets\/dummy.png\" class=\"tp-rs-img rs-lazyload\" width=\"202\" height=\"202\" data-lazyload=\"\/\/www.saboresdesefarad.com\/expo\/wp-content\/uploads\/2021\/06\/pause-5.png\" data-no-retina> \n\t\t\t\t\t\t\t<\/rs-layer><!--\n\n\t\t\t\t\t\t\t--><rs-layer\n\t\t\t\t\t\t\t\tid=\"slider-54-slide-54-layer-9\" \n\t\t\t\t\t\t\t\tclass=\"rs-nolc rs-layer-static rs-layer-video intrinsic-ignore\"\n\t\t\t\t\t\t\t\tdata-type=\"video\"\n\t\t\t\t\t\t\t\tdata-rsp_ch=\"on\"\n\t\t\t\t\t\t\t\tdata-xy=\"x:c,c,l,c;xo:1px,1px,120px,-90px;y:m,m,b,b;yo:347px,347px,15px,19px;\"\n\t\t\t\t\t\t\t\tdata-text=\"w:normal;s:20,20,10,6;l:0,0,13,8;\"\n\t\t\t\t\t\t\t\tdata-dim=\"w:293px,293px,90px,80px;h:293px,293px,90px,80px;\"\n\t\t\t\t\t\t\t\tdata-actions='o:click;a:startlayer;layer:slider-54-slide-54-layer-0;ch:true;||o:click;a:startlayer;layer:slider-54-slide-54-layer-9;ch:true;'\n\t\t\t\t\t\t\t\tdata-basealign=\"slide\"\n\t\t\t\t\t\t\t\tdata-onslides=\"s:1;\"\n\t\t\t\t\t\t\t\tdata-video=\"vfc:false;ap:false;v:100;vd:100;rwd:f;l:true;ptimer:true;nse:f;sav:f;afs:f;inl:f;\"\n\t\t\t\t\t\t\t\tdata-poster=\"\/\/www.saboresdesefarad.com\/expo\/wp-content\/uploads\/2021\/06\/play-6.png\"\n\t\t\t\t\t\t\t\tdata-mp4=\"\/\/www.saboresdesefarad.com\/expo\/wp-content\/uploads\/2021\/06\/SEFARDI-PANEL_1.mp3\"\n\t\t\t\t\t\t\t\tdata-frame_0=\"o:1;\"\n\t\t\t\t\t\t\t\tdata-frame_999=\"o:0;st:w;sR:8700;\"\n\t\t\t\t\t\t\t\tstyle=\"z-index:9;\"\n\t\t\t\t\t\t\t>\n\t\t\t\t\t\t\t<\/rs-layer><!--\n\t\t\t\t\t--><\/rs-static-layers>\n\t\t\t\t<\/rs-module>\n\t\t\t\t<script type=\"text\/javascript\">\n\t\t\t\t\tsetREVStartSize({c: 'rev_slider_54_1',rl:[1240,1240,778,480],el:[900,900,1200,720],gw:[1240,1240,700,480],gh:[900,900,1200,720],type:'carousel',justify:'',layout:'fullscreen',offsetContainer:'',offset:'',mh:\"0\"});\n\t\t\t\t\tvar\trevapi54,\n\t\t\t\t\t\ttpj;\n\t\t\t\t\tfunction revinit_revslider541() {\n\t\t\t\t\tjQuery(function() {\n\t\t\t\t\t\ttpj = jQuery;\n\t\t\t\t\t\trevapi54 = tpj(\"#rev_slider_54_1\");\n\t\t\t\t\t\tif(revapi54==undefined || revapi54.revolution == undefined){\n\t\t\t\t\t\t\trevslider_showDoubleJqueryError(\"rev_slider_54_1\");\n\t\t\t\t\t\t}else{\n\t\t\t\t\t\t\trevapi54.revolution({\n\t\t\t\t\t\t\t\tsliderType:\"carousel\",\n\t\t\t\t\t\t\t\tDPR:\"dpr\",\n\t\t\t\t\t\t\t\tsliderLayout:\"fullscreen\",\n\t\t\t\t\t\t\t\tvisibilityLevels:\"1240,1240,778,480\",\n\t\t\t\t\t\t\t\tgridwidth:\"1240,1240,700,480\",\n\t\t\t\t\t\t\t\tgridheight:\"900,900,1200,720\",\n\t\t\t\t\t\t\t\tlazyType:\"smart\",\n\t\t\t\t\t\t\t\tspinner:\"spinner3\",\n\t\t\t\t\t\t\t\tperspective:600,\n\t\t\t\t\t\t\t\tperspectiveType:\"global\",\n\t\t\t\t\t\t\t\teditorheight:\"900,743,1200,720\",\n\t\t\t\t\t\t\t\tresponsiveLevels:\"1240,1240,778,480\",\n\t\t\t\t\t\t\t\tignoreHeightChange:false,\n\t\t\t\t\t\t\t\tstopAtSlide:1,\n\t\t\t\t\t\t\t\tstopAfterLoops:0,\n\t\t\t\t\t\t\t\tstopLoop:true,\n\t\t\t\t\t\t\t\tcarousel: {\n\t\t\t\t\t\t\t\t\tmaxVisibleItems:1,\n\t\t\t\t\t\t\t\t\tstretch:true\n\t\t\t\t\t\t\t\t},\n\t\t\t\t\t\t\t\tprogressBar:{disableProgressBar:true},\n\t\t\t\t\t\t\t\tnavigation: {\n\t\t\t\t\t\t\t\t\twheelCallDelay:1000,\n\t\t\t\t\t\t\t\t\tonHoverStop:false,\n\t\t\t\t\t\t\t\t\ttouch: {\n\t\t\t\t\t\t\t\t\t\ttouchenabled:false,\n\t\t\t\t\t\t\t\t\t\tdesktopCarousel:false,\n\t\t\t\t\t\t\t\t\t\tmobileCarousel:false\n\t\t\t\t\t\t\t\t\t},\n\t\t\t\t\t\t\t\t\tthumbnails: {\n\t\t\t\t\t\t\t\t\t\tenable:true,\n\t\t\t\t\t\t\t\t\t\ttmp:\"<span class=\\\"tp-thumb-img-wrap\\\">  <span class=\\\"tp-thumb-image\\\"><\/span><\/span>\",\n\t\t\t\t\t\t\t\t\t\tstyle:\"hades\",\n\t\t\t\t\t\t\t\t\t\th_align:\"right\",\n\t\t\t\t\t\t\t\t\t\tv_offset:0,\n\t\t\t\t\t\t\t\t\t\tspace:5,\n\t\t\t\t\t\t\t\t\t\twidth:70,\n\t\t\t\t\t\t\t\t\t\theight:70,\n\t\t\t\t\t\t\t\t\t\twrapper_padding:15,\n\t\t\t\t\t\t\t\t\t\twrapper_color:\"transparent\",\n\t\t\t\t\t\t\t\t\t\tvisibleAmount:3,\n\t\t\t\t\t\t\t\t\t\tmhoff:0\n\t\t\t\t\t\t\t\t\t}\n\t\t\t\t\t\t\t\t},\n\t\t\t\t\t\t\t\tfallbacks: {\n\t\t\t\t\t\t\t\t\tpanZoomDisableOnMobile:true,\n\t\t\t\t\t\t\t\t\tallowHTML5AutoPlayOnAndroid:true\n\t\t\t\t\t\t\t\t},\n\t\t\t\t\t\t\t});\n\t\t\t\t\t\t\t\n\n\t\t\t\t\t\t}\n\t\t\t\t\t\t\n\t\t\t\t\t});\n\t\t\t\t\t} \/\/ End of RevInitScript\n\t\t\t\tvar once_revslider541 = false;\n\t\t\t\tif (document.readyState === \"loading\") {document.addEventListener('readystatechange',function() { if((document.readyState === \"interactive\" || document.readyState === \"complete\") && !once_revslider541 ) { once_revslider541 = true; revinit_revslider541();}});} else {once_revslider541 = true; revinit_revslider541();}\n\t\t\t\t<\/script>\n\t\t\t\t<script>\n\t\t\t\t\tvar htmlDivCss = unescape(\"%23rev_slider_54_1_wrapper%20rs-loader.spinner3%20div%20%7B%20background-color%3A%20%23ffffff%20%21important%3B%20%7D\");\n\t\t\t\t\tvar htmlDiv = document.getElementById('rs-plugin-settings-inline-css');\n\t\t\t\t\tif(htmlDiv) {\n\t\t\t\t\t\thtmlDiv.innerHTML = htmlDiv.innerHTML + htmlDivCss;\n\t\t\t\t\t}else{\n\t\t\t\t\t\tvar htmlDiv = document.createElement('div');\n\t\t\t\t\t\thtmlDiv.innerHTML = '<style>' + htmlDivCss + '<\/style>';\n\t\t\t\t\t\tdocument.getElementsByTagName('head')[0].appendChild(htmlDiv.childNodes[0]);\n\t\t\t\t\t}\n\t\t\t\t<\/script>\n\t\t\t\t<script>\n\t\t\t\t\tvar htmlDivCss = unescape(\"%23rev_slider_54_1_wrapper%20.hades%20.tp-thumb%20%7B%20%0A%20%20%20%20%20%20opacity%3A1%0A%20%20%7D%0A%23rev_slider_54_1_wrapper%20.hades%20.tp-thumb-img-wrap%20%7B%0A%20%20border-radius%3A50%25%3B%0A%20%20padding%3A3px%3B%0A%20%20display%3Ainline-block%3B%0A%20%20background-color%3Argba%280%2C0%2C0%2C0.25%29%3B%0A%20%20width%3A100%25%3B%0A%20%20height%3A100%25%3B%0A%20%20position%3Arelative%3B%0A%20%20margin%3A0px%3B%0A%20%20box-sizing%3Aborder-box%3B%0A%20%20%20%20transition%3Aall%200.3s%3B%0A%20%20%20%20-webkit-transition%3Aall%200.3s%3B%0A%7D%0A%23rev_slider_54_1_wrapper%20.hades%20.tp-thumb-image%20%7B%0A%20%20%20padding%3A3px%3B%20%0A%20%20%20border-radius%3A50%25%3B%0A%20%20%20display%3Ablock%3B%0A%20%20%20box-sizing%3Aborder-box%3B%0A%20%20%20position%3Arelative%3B%0A%20%20%20%20-webkit-box-shadow%3A%20inset%205px%205px%2010px%200px%20rgba%280%2C0%2C0%2C0.25%29%3B%0A%20%20-moz-box-shadow%3A%20inset%205px%205px%2010px%200px%20rgba%280%2C0%2C0%2C0.25%29%3B%0A%20%20box-shadow%3A%20inset%205px%205px%2010px%200px%20rgba%280%2C0%2C0%2C0.25%29%3B%0A%20%7D%20%20%0A%0A%0A%23rev_slider_54_1_wrapper%20.hades%20.tp-thumb.rs-touchhover%20.tp-thumb-img-wrap%2C%0A%23rev_slider_54_1_wrapper%20.hades%20.tp-thumb.selected%20.tp-thumb-img-wrap%20%7B%0A%20%20%0A%0A%20%20background%3A%20-moz-linear-gradient%28top%2C%20%23ffffff%200%25%2C%20%23878787%20100%25%29%3B%0A%20%20background%3A%20-webkit-gradient%28left%20top%2C%20left%20bottom%2C%20color-stop%280%25%2C%20%23ffffff%2C%20color-stop%28100%25%2C%20%23878787%29%29%29%3B%0A%20%20background%3A%20-webkit-linear-gradient%28top%2C%20%23ffffff%200%25%2C%20%23878787%20100%25%29%3B%0A%20%20background%3A%20-o-linear-gradient%28top%2C%20%23ffffff%200%25%2C%20%23878787%20100%25%29%3B%0A%20%20background%3A%20-ms-linear-gradient%28top%2C%20%23ffffff%200%25%2C%20%23878787%20100%25%29%3B%0A%20%20background%3A%20linear-gradient%28to%20bottom%2C%20%23ffffff%200%25%2C%20%23878787%20100%25%29%3B%0A%20%7D%0A%0A%0A\");\n\t\t\t\t\tvar htmlDiv = document.getElementById('rs-plugin-settings-inline-css');\n\t\t\t\t\tif(htmlDiv) {\n\t\t\t\t\t\thtmlDiv.innerHTML = htmlDiv.innerHTML + htmlDivCss;\n\t\t\t\t\t}else{\n\t\t\t\t\t\tvar htmlDiv = document.createElement('div');\n\t\t\t\t\t\thtmlDiv.innerHTML = '<style>' + htmlDivCss + '<\/style>';\n\t\t\t\t\t\tdocument.getElementsByTagName('head')[0].appendChild(htmlDiv.childNodes[0]);\n\t\t\t\t\t}\n\t\t\t\t<\/script>\n\t\t\t\t<script>\n\t\t\t\t\tvar htmlDivCss = unescape(\"%0A\");\n\t\t\t\t\tvar htmlDiv = document.getElementById('rs-plugin-settings-inline-css');\n\t\t\t\t\tif(htmlDiv) {\n\t\t\t\t\t\thtmlDiv.innerHTML = htmlDiv.innerHTML + htmlDivCss;\n\t\t\t\t\t}else{\n\t\t\t\t\t\tvar htmlDiv = document.createElement('div');\n\t\t\t\t\t\thtmlDiv.innerHTML = '<style>' + htmlDivCss + '<\/style>';\n\t\t\t\t\t\tdocument.getElementsByTagName('head')[0].appendChild(htmlDiv.childNodes[0]);\n\t\t\t\t\t}\n\t\t\t\t<\/script>\n\t\t\t<\/rs-module-wrap>\n\t\t\t<!-- END REVOLUTION SLIDER -->\n\n","protected":false},"excerpt":{"rendered":"","protected":false},"author":1,"featured_media":375,"parent":0,"menu_order":12,"comment_status":"closed","ping_status":"closed","template":"template-blank.php","meta":{"footnotes":""},"class_list":["post-2494","page","type-page","status-publish","has-post-thumbnail","hentry"],"_links":{"self":[{"href":"https:\/\/www.saboresdesefarad.com\/expo\/wp-json\/wp\/v2\/pages\/2494","targetHints":{"allow":["GET"]}}],"collection":[{"href":"https:\/\/www.saboresdesefarad.com\/expo\/wp-json\/wp\/v2\/pages"}],"about":[{"href":"https:\/\/www.saboresdesefarad.com\/expo\/wp-json\/wp\/v2\/types\/page"}],"author":[{"embeddable":true,"href":"https:\/\/www.saboresdesefarad.com\/expo\/wp-json\/wp\/v2\/users\/1"}],"replies":[{"embeddable":true,"href":"https:\/\/www.saboresdesefarad.com\/expo\/wp-json\/wp\/v2\/comments?post=2494"}],"version-history":[{"count":1,"href":"https:\/\/www.saboresdesefarad.com\/expo\/wp-json\/wp\/v2\/pages\/2494\/revisions"}],"predecessor-version":[{"id":2495,"href":"https:\/\/www.saboresdesefarad.com\/expo\/wp-json\/wp\/v2\/pages\/2494\/revisions\/2495"}],"wp:featuredmedia":[{"embeddable":true,"href":"https:\/\/www.saboresdesefarad.com\/expo\/wp-json\/wp\/v2\/media\/375"}],"wp:attachment":[{"href":"https:\/\/www.saboresdesefarad.com\/expo\/wp-json\/wp\/v2\/media?parent=2494"}],"curies":[{"name":"wp","href":"https:\/\/api.w.org\/{rel}","templated":true}]}}